{"id":9603,"date":"2025-07-21T06:32:04","date_gmt":"2025-07-21T06:32:04","guid":{"rendered":"https:\/\/cavinenterprise.com\/?page_id=9603"},"modified":"2026-04-10T00:25:47","modified_gmt":"2026-04-10T00:25:47","slug":"edible-oils-cavin-enterprise","status":"publish","type":"page","link":"https:\/\/cavinenterprise.com\/tr\/edible-oils-cavin-enterprise\/","title":{"rendered":"About Cavin Enterprise"},"content":{"rendered":"<div class=\"wpb-content-wrapper\"><div class=\"vc_row wpb_row vc_row-fluid\"><div class=\"wpb_column vc_column_container vc_col-sm-12\"><div class=\"vc_column-inner\"><div class=\"wpb_wrapper\">\n\t<div class=\"wpb_text_column wpb_content_element\" >\n\t\t<div class=\"wpb_wrapper\">\n\t\t\t<h1 class=\"et_pb_module_heading\">Cavin Enterprise Hakk\u0131nda - Premium Yemeklik Ya\u011f \u00dcreticisi ve K\u00fcresel Tedarik\u00e7i<\/h1>\n\n\t\t<\/div>\n\t<\/div>\n<\/div><\/div><\/div><\/div><div class=\"vc_row wpb_row vc_row-fluid\"><div class=\"wpb_column vc_column_container vc_col-sm-8\"><div class=\"vc_column-inner\"><div class=\"wpb_wrapper\">\n\t<div class=\"wpb_text_column wpb_content_element\" >\n\t\t<div class=\"wpb_wrapper\">\n\t\t\t<div class=\"et_pb_row_inner et_pb_row_inner_0\">\n<div class=\"et_pb_column et_pb_column_4_4 et_pb_column_inner et_pb_column_inner_0 et-last-child\">\n<div class=\"et_pb_module et_pb_text et_pb_text_0 et_pb_text_align_left et_pb_bg_layout_light\">\n<div class=\"et_pb_text_inner\">\n<h3 data-start=\"134\" data-end=\"200\">Premium Yemeklik Ya\u011f \u00dcreticisi ve K\u00fcresel Tedarik\u00e7isi | Cavin Enterprise<\/h3>\n<p data-start=\"202\" data-end=\"585\">At <strong data-start=\"205\" data-end=\"225\">Cavin Enterprise<\/strong>, olarak, zengin miras\u0131m\u0131z ve k\u00fcresel yemeklik ya\u011f end\u00fcstrisinde m\u00fckemmelli\u011fe olan sars\u0131lmaz ba\u011fl\u0131l\u0131\u011f\u0131m\u0131zla gurur duyuyoruz. Kurulu\u015fumuzdan bu yana net bir vizyonla hareket ediyoruz: g\u0131da \u00fcreticileri, toptanc\u0131lar ve uluslararas\u0131 pazarlardaki end\u00fcstriyel ortaklar i\u00e7in \u00fcst\u00fcn kaliteli yemeklik ya\u011flar\u0131n \u00fcretimi, i\u015flenmesi ve da\u011f\u0131t\u0131m\u0131nda devrim yaratmak.<\/p>\n<hr data-start=\"587\" data-end=\"590\" \/>\n<h2 data-start=\"754\" data-end=\"812\">Miras\u0131m\u0131z - Kalite, Yenilik\u00e7ilik ve G\u00fcven \u00dczerine Kurulmu\u015ftur<\/h2>\n<p data-start=\"814\" data-end=\"1159\">Cavin Enterprise cesur bir vizyonla kuruldu: tavizsiz kalite, yenilik\u00e7ilik ve k\u00fcresel g\u00fcvenilirlik yoluyla yemeklik ya\u011f end\u00fcstrisini d\u00f6n\u00fc\u015ft\u00fcrmek. \u0130lk faaliyetlerimizden itibaren, d\u00fcnya \u00e7ap\u0131ndaki g\u0131da \u00fcreticilerinin, distrib\u00fct\u00f6rlerin ve end\u00fcstriyel al\u0131c\u0131lar\u0131n de\u011fi\u015fen ihtiya\u00e7lar\u0131n\u0131 kar\u015f\u0131layan birinci s\u0131n\u0131f yemeklik ya\u011flar \u00fcretmeye ve tedarik etmeye odakland\u0131k.<\/p>\n<p data-start=\"1161\" data-end=\"1416\">Y\u0131llar i\u00e7inde geli\u015fmi\u015f rafinaj teknolojisine, s\u0131k\u0131 kalite kontrol sistemlerine ve uluslararas\u0131 uyum standartlar\u0131na yat\u0131r\u0131m yapt\u0131k. Bu taahh\u00fct, Cavin Enterprise'\u0131 \u00e7e\u015fitli k\u00fcresel pazarlara hizmet veren g\u00fcvenilir bir d\u00f6kme yemeklik ya\u011f ihracat\u00e7\u0131s\u0131 olarak konumland\u0131rd\u0131.<\/p>\n<p data-start=\"1418\" data-end=\"1494\">Miras\u0131m\u0131z tutarl\u0131l\u0131k, d\u00fcr\u00fcstl\u00fck ve uzun vadeli ortakl\u0131klarla tan\u0131mlan\u0131r.<\/p>\n<hr data-start=\"1120\" data-end=\"1123\" \/>\n<h2 data-start=\"1501\" data-end=\"1558\">Misyonumuz - Her Damlada S\u00fcrd\u00fcr\u00fclebilir M\u00fckemmellik<\/h2>\n<p data-start=\"1560\" data-end=\"1709\">Cavin Enterprise'da misyonumuz, en y\u00fcksek safl\u0131k, g\u00fcvenlik ve performans standartlar\u0131n\u0131 kar\u015f\u0131layan \u00fcst\u00fcn g\u0131da s\u0131n\u0131f\u0131 bitkisel ya\u011flar sunmakt\u0131r.<\/p>\n<p data-start=\"1711\" data-end=\"1731\">Biz kararl\u0131y\u0131z:<\/p>\n<ul data-start=\"1733\" data-end=\"1975\">\n<li data-start=\"1733\" data-end=\"1794\">\n<p data-start=\"1735\" data-end=\"1794\">S\u00fcrd\u00fcr\u00fclebilir kaynak kullan\u0131m\u0131 ve sorumlu \u00fcretim uygulamalar\u0131<\/p>\n<\/li>\n<li data-start=\"1795\" data-end=\"1849\">\n<p data-start=\"1797\" data-end=\"1849\">Uluslararas\u0131 g\u0131da g\u00fcvenli\u011fi d\u00fczenlemelerine ba\u011fl\u0131l\u0131k<\/p>\n<\/li>\n<li data-start=\"1850\" data-end=\"1908\">\n<p data-start=\"1852\" data-end=\"1908\">Ola\u011fan\u00fcst\u00fc \u00fcr\u00fcn tutarl\u0131l\u0131\u011f\u0131 ve safl\u0131\u011f\u0131n\u0131n korunmas\u0131<\/p>\n<\/li>\n<li data-start=\"1909\" data-end=\"1975\">\n<p data-start=\"1911\" data-end=\"1975\">K\u00fcresel end\u00fcstriler i\u00e7in g\u00fcvenilir d\u00f6kme tedarik \u00e7\u00f6z\u00fcmleri sunmak<\/p>\n<\/li>\n<\/ul>\n<p data-start=\"1977\" data-end=\"2111\">\u00dcst\u00fcn kalitenin kaynakta ba\u015flad\u0131\u011f\u0131na ve \u00fcretim, ar\u0131tma, paketleme ve ihracat\u0131n her a\u015famas\u0131nda devam etti\u011fine inan\u0131yoruz.<\/p>\n<\/div>\n<\/div>\n<\/div>\n<\/div>\n\n\t\t<\/div>\n\t<\/div>\n<\/div><\/div><\/div><div class=\"wpb_column vc_column_container vc_col-sm-4\"><div class=\"vc_column-inner\"><div class=\"wpb_wrapper\">\n\t<div  class=\"wpb_single_image wpb_content_element vc_align_left\">\n\t\t\n\t\t<figure class=\"wpb_wrapper vc_figure\">\n\t\t\t<div class=\"vc_single_image-wrapper   vc_box_border_grey\"><img decoding=\"async\" width=\"150\" height=\"150\" src=\"https:\/\/cavinenterprise.com\/wp-content\/uploads\/2025\/07\/5eb5183e-917d-4e5b-9424-481faa7b5435-150x150.jpg\" class=\"vc_single_image-img attachment-thumbnail\" alt=\"\" title=\"rbd coconut oil\" srcset=\"https:\/\/cavinenterprise.com\/wp-content\/uploads\/2025\/07\/5eb5183e-917d-4e5b-9424-481faa7b5435-150x150.jpg 150w, https:\/\/cavinenterprise.com\/wp-content\/uploads\/2025\/07\/5eb5183e-917d-4e5b-9424-481faa7b5435-430x430.jpg 430w, https:\/\/cavinenterprise.com\/wp-content\/uploads\/2025\/07\/5eb5183e-917d-4e5b-9424-481faa7b5435-700x700.jpg 700w, https:\/\/cavinenterprise.com\/wp-content\/uploads\/2025\/07\/5eb5183e-917d-4e5b-9424-481faa7b5435-300x300.jpg 300w, https:\/\/cavinenterprise.com\/wp-content\/uploads\/2025\/07\/5eb5183e-917d-4e5b-9424-481faa7b5435-800x800.jpg 800w, https:\/\/cavinenterprise.com\/wp-content\/uploads\/2025\/07\/5eb5183e-917d-4e5b-9424-481faa7b5435-768x768.jpg 768w, https:\/\/cavinenterprise.com\/wp-content\/uploads\/2025\/07\/5eb5183e-917d-4e5b-9424-481faa7b5435.jpg 1024w\" sizes=\"(max-width: 150px) 100vw, 150px\"><\/div>\n\t\t<\/figure>\n\t<\/div>\n<\/div><\/div><\/div><\/div><div class=\"vc_row wpb_row vc_row-fluid\"><div class=\"wpb_column vc_column_container vc_col-sm-12\"><div class=\"vc_column-inner\"><div class=\"wpb_wrapper\"><div class=\"vc_empty_space\"   style=\"height: 32px\"><span class=\"vc_empty_space_inner\"><\/span><\/div><\/div><\/div><\/div><\/div><div class=\"vc_row wpb_row vc_row-fluid\"><div class=\"wpb_column vc_column_container vc_col-sm-6\"><div class=\"vc_column-inner\"><div class=\"wpb_wrapper\">\n\t<div class=\"wpb_text_column wpb_content_element\" >\n\t\t<div class=\"wpb_wrapper\">\n\t\t\t<div class=\"et_pb_module et_pb_heading et_pb_heading_1 et_pb_bg_layout_\">\n<div class=\"et_pb_heading_container\">\n<h1 class=\"et_pb_module_heading\">Yolculu\u011fumuz ve Misyonumuz<\/h1>\n<\/div>\n<\/div>\n<div class=\"et_pb_module et_pb_text et_pb_text_1 et_pb_text_align_left et_pb_bg_layout_light\">\n<div class=\"et_pb_text_inner\">Yirmi y\u0131l\u0131 a\u015fk\u0131n bir s\u00fcre \u00f6nce kurulan Cavin Enterprise, k\u00fc\u00e7\u00fck bir yerel tedarik\u00e7iden yemeklik ya\u011f pazar\u0131nda k\u00fcresel bir lider haline geldi. Yolculu\u011fumuz kaliteye olan ba\u011fl\u0131l\u0131\u011f\u0131m\u0131z ve inovasyon tutkumuzla ba\u015flad\u0131. Y\u0131llar i\u00e7inde, ileri rafinasyon tekniklerinin geli\u015ftirilmesi ve uluslararas\u0131 pazarlara a\u00e7\u0131lma da dahil olmak \u00fczere \u00e7ok say\u0131da kilometre ta\u015f\u0131na ula\u015ft\u0131k. Misyonumuz, etik kaynak ve \u00fcretim uygulamalar\u0131n\u0131 s\u00fcrd\u00fcr\u00fcrken en saf ya\u011flar\u0131 sunmak ve her damlan\u0131n titiz m\u00fckemmellik standartlar\u0131m\u0131z\u0131 kar\u015f\u0131lamas\u0131n\u0131 sa\u011flamakt\u0131r.<\/div>\n<\/div>\n<p><img fetchpriority=\"high\" decoding=\"async\" class=\"alignnone size-medium wp-image-10024 aligncenter\" src=\"https:\/\/cavinenterprise.com\/wp-content\/uploads\/2026\/04\/cavin-enterprise-catalog-400x268.jpg\" alt=\"cavin enterprise\" width=\"400\" height=\"268\" title=\"\" srcset=\"https:\/\/cavinenterprise.com\/wp-content\/uploads\/2026\/04\/cavin-enterprise-catalog-400x268.jpg 400w, https:\/\/cavinenterprise.com\/wp-content\/uploads\/2026\/04\/cavin-enterprise-catalog-768x516.jpg 768w, https:\/\/cavinenterprise.com\/wp-content\/uploads\/2026\/04\/cavin-enterprise-catalog-18x12.jpg 18w, https:\/\/cavinenterprise.com\/wp-content\/uploads\/2026\/04\/cavin-enterprise-catalog-430x289.jpg 430w, https:\/\/cavinenterprise.com\/wp-content\/uploads\/2026\/04\/cavin-enterprise-catalog-700x470.jpg 700w, https:\/\/cavinenterprise.com\/wp-content\/uploads\/2026\/04\/cavin-enterprise-catalog-150x101.jpg 150w, https:\/\/cavinenterprise.com\/wp-content\/uploads\/2026\/04\/cavin-enterprise-catalog.jpg 1168w\" sizes=\"(max-width: 400px) 100vw, 400px\" \/><\/p>\n\n\t\t<\/div>\n\t<\/div>\n<\/div><\/div><\/div><div class=\"wpb_column vc_column_container vc_col-sm-6\"><div class=\"vc_column-inner\"><div class=\"wpb_wrapper\">\n\t<div  class=\"wpb_single_image wpb_content_element vc_align_left\">\n\t\t\n\t\t<figure class=\"wpb_wrapper vc_figure\">\n\t\t\t<div class=\"vc_single_image-wrapper   vc_box_border_grey\"><img decoding=\"async\" width=\"150\" height=\"150\" src=\"https:\/\/cavinenterprise.com\/wp-content\/uploads\/2025\/07\/35220839-857e-40f6-b815-1997ed3257f7-150x150.jpg\" class=\"vc_single_image-img attachment-thumbnail\" alt=\"\" title=\"sunflower oil\"><\/div>\n\t\t<\/figure>\n\t<\/div>\n<\/div><\/div><\/div><\/div><div class=\"vc_row wpb_row vc_row-fluid\"><div class=\"wpb_column vc_column_container vc_col-sm-12\"><div class=\"vc_column-inner\"><div class=\"wpb_wrapper\"><div class=\"vc_empty_space\"   style=\"height: 32px\"><span class=\"vc_empty_space_inner\"><\/span><\/div><\/div><\/div><\/div><\/div><div class=\"vc_row wpb_row vc_row-fluid\"><div class=\"wpb_column vc_column_container vc_col-sm-8\"><div class=\"vc_column-inner\"><div class=\"wpb_wrapper\">\n\t<div class=\"wpb_text_column wpb_content_element\" >\n\t\t<div class=\"wpb_wrapper\">\n\t\t\t<div class=\"et_pb_module et_pb_heading et_pb_heading_2 et_pb_bg_layout_\">\n<div class=\"et_pb_heading_container\">\n<h1 class=\"et_pb_module_heading\">Kalite Taahh\u00fcd\u00fc<\/h1>\n<\/div>\n<\/div>\n<div class=\"et_pb_module et_pb_heading et_pb_heading_3 et_pb_bg_layout_\">\n<div class=\"et_pb_heading_container\">\n<h2 class=\"et_pb_module_heading\">Petrol \u00dcretiminde Tavizsiz Standartlar<\/h2>\n<\/div>\n<\/div>\n<div class=\"et_pb_module et_pb_text et_pb_text_2 et_pb_text_align_left et_pb_bg_layout_light\">\n<div class=\"et_pb_text_inner\">\n<p>Cavin Enterprise'da kalite sadece bir vaat de\u011fil, \u00fcretim s\u00fcrecimizin her ad\u0131m\u0131na sinmi\u015f bir uygulamad\u0131r. Hammaddeleri, s\u00fcrd\u00fcr\u00fclebilirlik ve d\u00fcr\u00fcstl\u00fck de\u011ferlerimizi payla\u015fan g\u00fcvenilir tedarik\u00e7ilerden titizlikle temin ediyoruz. Son teknoloji rafine tesislerimiz, her parti ya\u011f\u0131n saf, g\u00fcvenli ve en y\u00fcksek kalitede olmas\u0131n\u0131 sa\u011flamak i\u00e7in en son teknolojiyi kullan\u0131r. S\u0131k\u0131 kalite kontrol \u00f6nlemlerine ve uluslararas\u0131 standartlara ba\u011fl\u0131 kalarak ya\u011flar\u0131m\u0131z\u0131n sekt\u00f6r beklentilerini kar\u015f\u0131lamakla kalmay\u0131p a\u015fmas\u0131n\u0131 garanti ediyoruz. M\u00fckemmelli\u011fe olan ba\u011fl\u0131l\u0131\u011f\u0131m\u0131zda bize kat\u0131l\u0131n ve kalitenin yaratt\u0131\u011f\u0131 fark\u0131 ke\u015ffedin.<\/p>\n<p><a href=\"https:\/\/cavinenterprise.com\/tr\/shop\/\">Shop &#8211; Cavin Enterprise<\/a><\/p>\n<\/div>\n<\/div>\n\n\t\t<\/div>\n\t<\/div>\n<\/div><\/div><\/div><div class=\"wpb_column vc_column_container vc_col-sm-4\"><div class=\"vc_column-inner\"><div class=\"wpb_wrapper\">\n\t<div  class=\"wpb_single_image wpb_content_element vc_align_left\">\n\t\t\n\t\t<figure class=\"wpb_wrapper vc_figure\">\n\t\t\t<div class=\"vc_single_image-wrapper   vc_box_border_grey\"><img loading=\"lazy\" decoding=\"async\" width=\"150\" height=\"150\" src=\"https:\/\/cavinenterprise.com\/wp-content\/uploads\/2025\/07\/palm-olein-150x150.jpeg\" class=\"vc_single_image-img attachment-thumbnail\" alt=\"\" title=\"palmiye oleini\"><\/div>\n\t\t<\/figure>\n\t<\/div>\n<\/div><\/div><\/div><\/div><div class=\"vc_row wpb_row vc_row-fluid\"><div class=\"wpb_column vc_column_container vc_col-sm-12\"><div class=\"vc_column-inner\"><div class=\"wpb_wrapper\"><div class=\"vc_empty_space\"   style=\"height: 32px\"><span class=\"vc_empty_space_inner\"><\/span><\/div><\/div><\/div><\/div><\/div><div class=\"vc_row wpb_row vc_row-fluid\"><div class=\"wpb_column vc_column_container vc_col-sm-2\"><div class=\"vc_column-inner\"><div class=\"wpb_wrapper\">\n\t<div class=\"wpb_text_column wpb_content_element\" >\n\t\t<div class=\"wpb_wrapper\">\n\t\t\t\n\t\t<\/div>\n\t<\/div>\n<\/div><\/div><\/div><div class=\"wpb_column vc_column_container vc_col-sm-8\"><div class=\"vc_column-inner\"><div class=\"wpb_wrapper\">\n\t<div class=\"wpb_text_column wpb_content_element\" >\n\t\t<div class=\"wpb_wrapper\">\n\t\t\t<div class=\"et_pb_section et_pb_section_3 et_section_regular\">\n<div class=\"et_pb_row et_pb_row_2\">\n<div class=\"et_pb_column et_pb_column_4_4 et_pb_column_6 et_pb_css_mix_blend_mode_passthrough et-last-child\">\n<div class=\"et_pb_module et_pb_heading et_pb_heading_4 et_pb_bg_layout_\">\n<div class=\"et_pb_heading_container\">\n<h2 class=\"et_pb_module_heading\" style=\"text-align: center;\">Kalite Standartlar\u0131<\/h2>\n<\/div>\n<\/div>\n<div class=\"et_pb_module et_pb_text et_pb_text_3 et_pb_text_align_center et_pb_bg_layout_light\" style=\"text-align: center;\">\n<div class=\"et_pb_text_inner\">\n<p>Cavin Resources olarak, yemeklik ya\u011flar\u0131m\u0131z\u0131n \u00fcretiminde en y\u00fcksek kalite standartlar\u0131na ba\u011fl\u0131y\u0131z. M\u00fckemmelli\u011fe olan ba\u011fl\u0131l\u0131\u011f\u0131m\u0131z, her damlan\u0131n titiz g\u00fcvenlik ve safl\u0131k kriterlerini kar\u015f\u0131lamas\u0131n\u0131 sa\u011flar.<\/p>\n<\/div>\n<\/div>\n<\/div>\n<\/div>\n<div class=\"et_pb_row et_pb_row_3\" style=\"text-align: center;\">\n<div class=\"et_pb_column et_pb_column_1_2 et_pb_column_7 et_pb_css_mix_blend_mode_passthrough\">\n<div class=\"et_pb_module et_pb_blurb et_pb_blurb_2 et_pb_text_align_center et_pb_blurb_position_top et_pb_bg_layout_light\">\n<div class=\"et_pb_blurb_content\">\n<div class=\"et_pb_main_blurb_image\"><\/div>\n<div class=\"et_pb_blurb_container\">\n<h4 class=\"et_pb_module_header\">S\u0131k\u0131 Testler<\/h4>\n<div class=\"et_pb_blurb_description\">\n<p>Her bir ya\u011f partisi, s\u0131k\u0131 kalite kriterlerimizi kar\u015f\u0131lad\u0131\u011f\u0131n\u0131 garanti etmek i\u00e7in kapsaml\u0131 testlerden ge\u00e7irilerek g\u00fcvenlik ve tutarl\u0131l\u0131k sa\u011flan\u0131r.<\/p>\n<\/div>\n<\/div>\n<\/div>\n<\/div>\n<\/div>\n<div class=\"et_pb_column et_pb_column_1_2 et_pb_column_8 et_pb_css_mix_blend_mode_passthrough et-last-child\">\n<div class=\"et_pb_module et_pb_blurb et_pb_blurb_3 et_pb_text_align_center et_pb_blurb_position_top et_pb_bg_layout_light\">\n<div class=\"et_pb_blurb_content\">\n<div class=\"et_pb_main_blurb_image\"><\/div>\n<div class=\"et_pb_blurb_container\">\n<h4 class=\"et_pb_module_header\">S\u00fcrd\u00fcr\u00fclebilir Kaynak Kullan\u0131m\u0131<\/h4>\n<div class=\"et_pb_blurb_description\">\n<p>S\u00fcrd\u00fcr\u00fclebilir \u00e7iftliklerden tedarik etmeye \u00f6ncelik vererek i\u00e7eriklerimizin hem etik hem de \u00e7evresel a\u00e7\u0131dan sorumlu olmas\u0131n\u0131 sa\u011fl\u0131yoruz.<\/p>\n<\/div>\n<\/div>\n<\/div>\n<\/div>\n<\/div>\n<\/div>\n<div class=\"et_pb_row et_pb_row_4\" style=\"text-align: center;\">\n<div class=\"et_pb_column et_pb_column_1_2 et_pb_column_9 et_pb_css_mix_blend_mode_passthrough\">\n<div class=\"et_pb_module et_pb_blurb et_pb_blurb_4 et_pb_text_align_center et_pb_blurb_position_top et_pb_bg_layout_light\">\n<div class=\"et_pb_blurb_content\">\n<div class=\"et_pb_main_blurb_image\"><\/div>\n<div class=\"et_pb_blurb_container\">\n<h4 class=\"et_pb_module_header\">Geli\u015fmi\u015f Rafinasyon<\/h4>\n<div class=\"et_pb_blurb_description\">\n<p>Son teknoloji rafinasyon s\u00fcre\u00e7lerimiz ya\u011flar\u0131m\u0131z\u0131n safl\u0131\u011f\u0131n\u0131 ve besin de\u011ferini art\u0131rarak m\u00fc\u015fterilerimize \u00fcst\u00fcn \u00fcr\u00fcnler sunmaktad\u0131r.<\/p>\n<\/div>\n<\/div>\n<\/div>\n<\/div>\n<\/div>\n<div class=\"et_pb_column et_pb_column_1_2 et_pb_column_10 et_pb_css_mix_blend_mode_passthrough et-last-child\">\n<div class=\"et_pb_module et_pb_blurb et_pb_blurb_5 et_pb_text_align_center et_pb_blurb_position_top et_pb_bg_layout_light\">\n<div class=\"et_pb_blurb_content\">\n<div class=\"et_pb_main_blurb_image\"><\/div>\n<div class=\"et_pb_blurb_container\">\n<h4 class=\"et_pb_module_header\">Sertifikalar<\/h4>\n<div class=\"et_pb_blurb_description\">\n<p>\u00dcr\u00fcnlerimiz, \u00fcretimin her alan\u0131nda kalite ve g\u00fcvenli\u011fe olan ba\u011fl\u0131l\u0131\u011f\u0131m\u0131z\u0131 yans\u0131tan \u00f6nde gelen end\u00fcstri kurulu\u015flar\u0131 taraf\u0131ndan onaylanm\u0131\u015ft\u0131r.<\/p>\n<\/div>\n<\/div>\n<\/div>\n<\/div>\n<\/div>\n<\/div>\n<\/div>\n<div class=\"et_pb_section et_pb_section_4 et_section_regular\">\n<div class=\"et_pb_row et_pb_row_5\">\n<div class=\"et_pb_column et_pb_column_4_4 et_pb_column_11 et_pb_css_mix_blend_mode_passthrough et-last-child\">\n<div class=\"et_pb_module et_pb_heading et_pb_heading_5 et_pb_bg_layout_\">\n<div class=\"et_pb_heading_container\" style=\"text-align: center;\"><\/div>\n<\/div>\n<\/div>\n<\/div>\n<\/div>\n\n\t\t<\/div>\n\t<\/div>\n<\/div><\/div><\/div><div class=\"wpb_column vc_column_container vc_col-sm-2\"><div class=\"vc_column-inner\"><div class=\"wpb_wrapper\"><\/div><\/div><\/div><\/div><div class=\"vc_row wpb_row vc_row-fluid\"><div class=\"wpb_column vc_column_container vc_col-sm-12\"><div class=\"vc_column-inner\"><div class=\"wpb_wrapper\">\n\t<div class=\"wpb_text_column wpb_content_element\" >\n\t\t<div class=\"wpb_wrapper\">\n\t\t\t<div class=\"et_pb_row et_pb_row_5\">\n<div class=\"et_pb_column et_pb_column_4_4 et_pb_column_11 et_pb_css_mix_blend_mode_passthrough et-last-child\">\n<div class=\"et_pb_module et_pb_heading et_pb_heading_5 et_pb_bg_layout_\">\n<div class=\"et_pb_heading_container\">\n<h2 class=\"et_pb_module_heading\" style=\"text-align: center;\">Zaman \u0130\u00e7inde Yolculu\u011fumuz<\/h2>\n<\/div>\n<\/div>\n<div class=\"et_pb_module et_pb_text et_pb_text_4 et_pb_text_align_center et_pb_bg_layout_light\" style=\"text-align: center;\">\n<div class=\"et_pb_text_inner\">\n<p>Cavin Enterprise'\u0131 yemeklik ya\u011f sekt\u00f6r\u00fcnde bir lider haline getiren kilometre ta\u015flar\u0131n\u0131 ke\u015ffedin.<\/p>\n<\/div>\n<\/div>\n<\/div>\n<\/div>\n<div class=\"et_pb_with_border et_pb_row et_pb_row_6 et_pb_row_6col\">\n<div class=\"et_pb_column et_pb_column_1_6 et_pb_column_12 et_pb_css_mix_blend_mode_passthrough\" style=\"text-align: center;\">\n<div class=\"et_pb_with_border et_pb_module et_pb_divider_0 et_pb_space et_pb_divider_hidden\">\n<div class=\"et_pb_divider_internal\"><\/div>\n<\/div>\n<div class=\"et_pb_module et_pb_heading et_pb_heading_6 et_pb_bg_layout_\">\n<div class=\"et_pb_heading_container\">\n<h3 class=\"et_pb_module_heading\">2005<\/h3>\n<\/div>\n<\/div>\n<div class=\"et_pb_module et_pb_heading et_pb_heading_7 et_pb_bg_layout_\">\n<div class=\"et_pb_heading_container\">\n<h5 class=\"et_pb_module_heading\">Cavin Enterprise'\u0131n Kurulu\u015fu<\/h5>\n<\/div>\n<\/div>\n<div class=\"et_pb_module et_pb_text et_pb_text_5 et_pb_text_align_left et_pb_bg_layout_light\">\n<div class=\"et_pb_text_inner\">\n<p>Cavin Resources, k\u00fcresel pazarlara y\u00fcksek kaliteli yemeklik ya\u011flar sa\u011flama vizyonuyla kurulmu\u015ftur.<\/p>\n<\/div>\n<\/div>\n<\/div>\n<div class=\"et_pb_column et_pb_column_1_6 et_pb_column_13 et_pb_css_mix_blend_mode_passthrough\" style=\"text-align: center;\">\n<div class=\"et_pb_with_border et_pb_module et_pb_divider_1 et_pb_space et_pb_divider_hidden\">\n<div class=\"et_pb_divider_internal\"><\/div>\n<\/div>\n<div class=\"et_pb_module et_pb_heading et_pb_heading_8 et_pb_bg_layout_\">\n<div class=\"et_pb_heading_container\">\n<h3 class=\"et_pb_module_heading\">2010<\/h3>\n<\/div>\n<\/div>\n<div class=\"et_pb_module et_pb_heading et_pb_heading_9 et_pb_bg_layout_\">\n<div class=\"et_pb_heading_container\">\n<h5 class=\"et_pb_module_heading\">Yeni Pazarlara Geni\u015fleme<\/h5>\n<\/div>\n<\/div>\n<div class=\"et_pb_module et_pb_text et_pb_text_6 et_pb_text_align_left et_pb_bg_layout_light\">\n<div class=\"et_pb_text_inner\">\n<p>Faaliyetlerimizi daha geni\u015f bir ya\u011f yelpazesini kapsayacak \u015fekilde geni\u015flettik ve d\u00fcnya \u00e7ap\u0131nda \u00e7e\u015fitli sekt\u00f6rlere hizmet verdik.<\/p>\n<\/div>\n<\/div>\n<\/div>\n<div class=\"et_pb_column et_pb_column_1_6 et_pb_column_14 et_pb_css_mix_blend_mode_passthrough\" style=\"text-align: center;\">\n<div class=\"et_pb_with_border et_pb_module et_pb_divider_2 et_pb_space et_pb_divider_hidden\">\n<div class=\"et_pb_divider_internal\"><\/div>\n<\/div>\n<div class=\"et_pb_module et_pb_heading et_pb_heading_10 et_pb_bg_layout_\">\n<div class=\"et_pb_heading_container\">\n<h3 class=\"et_pb_module_heading\">2015<\/h3>\n<\/div>\n<\/div>\n<div class=\"et_pb_module et_pb_heading et_pb_heading_11 et_pb_bg_layout_\">\n<div class=\"et_pb_heading_container\">\n<h5 class=\"et_pb_module_heading\">S\u00fcrd\u00fcr\u00fclebilirlik Giri\u015fimleri Ba\u015flat\u0131ld\u0131<\/h5>\n<\/div>\n<\/div>\n<div class=\"et_pb_module et_pb_text et_pb_text_7 et_pb_text_align_left et_pb_bg_layout_light\">\n<div class=\"et_pb_text_inner\">\n<p>Etik kaynak kullan\u0131m\u0131 ve \u00e7evre y\u00f6netimini sa\u011flamak i\u00e7in kapsaml\u0131 s\u00fcrd\u00fcr\u00fclebilirlik programlar\u0131 ba\u015flatt\u0131.<\/p>\n<\/div>\n<\/div>\n<\/div>\n<div class=\"et_pb_column et_pb_column_1_6 et_pb_column_15 et_pb_css_mix_blend_mode_passthrough\" style=\"text-align: center;\">\n<div class=\"et_pb_with_border et_pb_module et_pb_divider_3 et_pb_space et_pb_divider_hidden\">\n<div class=\"et_pb_divider_internal\"><\/div>\n<\/div>\n<div class=\"et_pb_module et_pb_heading et_pb_heading_12 et_pb_bg_layout_\">\n<div class=\"et_pb_heading_container\">\n<h3 class=\"et_pb_module_heading\">2018<\/h3>\n<\/div>\n<\/div>\n<div class=\"et_pb_module et_pb_heading et_pb_heading_13 et_pb_bg_layout_\">\n<div class=\"et_pb_heading_container\">\n<h5 class=\"et_pb_module_heading\">Kalite M\u00fckemmelli\u011fi i\u00e7in \u00d6d\u00fcllendirildi<\/h5>\n<\/div>\n<\/div>\n<div class=\"et_pb_module et_pb_text et_pb_text_8 et_pb_text_align_left et_pb_bg_layout_light\">\n<div class=\"et_pb_text_inner\">\n<p>\u00dcst\u00fcn kaliteli ya\u011flar \u00fcretme konusundaki kararl\u0131l\u0131\u011f\u0131m\u0131zla sekt\u00f6rde tan\u0131n\u0131rl\u0131k kazand\u0131k.<\/p>\n<\/div>\n<\/div>\n<\/div>\n<div class=\"et_pb_column et_pb_column_1_6 et_pb_column_16 et_pb_css_mix_blend_mode_passthrough\" style=\"text-align: center;\">\n<div class=\"et_pb_with_border et_pb_module et_pb_divider_4 et_pb_space et_pb_divider_hidden\">\n<div class=\"et_pb_divider_internal\"><\/div>\n<\/div>\n<div class=\"et_pb_module et_pb_heading et_pb_heading_14 et_pb_bg_layout_\">\n<div class=\"et_pb_heading_container\">\n<h3 class=\"et_pb_module_heading\">2021<\/h3>\n<\/div>\n<\/div>\n<div class=\"et_pb_module et_pb_heading et_pb_heading_15 et_pb_bg_layout_\">\n<div class=\"et_pb_heading_container\">\n<h5 class=\"et_pb_module_heading\">Rafinaj Teknolojisinde Yenilik<\/h5>\n<\/div>\n<\/div>\n<div class=\"et_pb_module et_pb_text et_pb_text_9 et_pb_text_align_left et_pb_bg_layout_light\">\n<div class=\"et_pb_text_inner\">\n<p>\u00dcr\u00fcn safl\u0131\u011f\u0131n\u0131 ve verimlili\u011fini art\u0131rmak i\u00e7in en son rafinaj teknolojilerini uygulad\u0131.<\/p>\n<\/div>\n<\/div>\n<\/div>\n<div class=\"et_pb_column et_pb_column_1_6 et_pb_column_17 et_pb_css_mix_blend_mode_passthrough et-last-child\">\n<div class=\"et_pb_with_border et_pb_module et_pb_divider_5 et_pb_space et_pb_divider_hidden\" style=\"text-align: center;\">\n<div class=\"et_pb_divider_internal\"><\/div>\n<\/div>\n<div class=\"et_pb_module et_pb_heading et_pb_heading_16 et_pb_bg_layout_\" style=\"text-align: center;\">\n<div class=\"et_pb_heading_container\">\n<h3 class=\"et_pb_module_heading\">2023<\/h3>\n<\/div>\n<\/div>\n<div class=\"et_pb_module et_pb_heading et_pb_heading_17 et_pb_bg_layout_\" style=\"text-align: center;\">\n<div class=\"et_pb_heading_container\">\n<h5 class=\"et_pb_module_heading\">Yenilebilir Ya\u011flarda K\u00fcresel Lider<\/h5>\n<\/div>\n<\/div>\n<div class=\"et_pb_module et_pb_text et_pb_text_10 et_pb_text_align_left et_pb_bg_layout_light\">\n<div class=\"et_pb_text_inner\">\n<p style=\"text-align: center;\">Kalitemiz ve g\u00fcvenilirli\u011fimizle d\u00fcnya \u00e7ap\u0131ndaki m\u00fc\u015fterilerimiz taraf\u0131ndan g\u00fcvenilen, en iyi yemeklik ya\u011f tedarik\u00e7isi olarak tan\u0131n\u0131r\u0131z.<\/p>\n<\/div>\n<\/div>\n<\/div>\n<\/div>\n\n\t\t<\/div>\n\t<\/div>\n<\/div><\/div><\/div><\/div>\n<\/div>","protected":false},"excerpt":{"rendered":"About Cavin Enterprise \u2013 Premium Edible Oil Manufacturer &amp; Global Supplier Premium Edible Oil Manufacturer &amp; Global Supplier | Cavin","protected":false},"author":1,"featured_media":0,"parent":0,"menu_order":0,"comment_status":"closed","ping_status":"closed","template":"","meta":{"_joinchat":[],"footnotes":""},"class_list":["post-9603","page","type-page","status-publish","hentry"],"_links":{"self":[{"href":"https:\/\/cavinenterprise.com\/tr\/wp-json\/wp\/v2\/pages\/9603","targetHints":{"allow":["GET"]}}],"collection":[{"href":"https:\/\/cavinenterprise.com\/tr\/wp-json\/wp\/v2\/pages"}],"about":[{"href":"https:\/\/cavinenterprise.com\/tr\/wp-json\/wp\/v2\/types\/page"}],"author":[{"embeddable":true,"href":"https:\/\/cavinenterprise.com\/tr\/wp-json\/wp\/v2\/users\/1"}],"replies":[{"embeddable":true,"href":"https:\/\/cavinenterprise.com\/tr\/wp-json\/wp\/v2\/comments?post=9603"}],"version-history":[{"count":15,"href":"https:\/\/cavinenterprise.com\/tr\/wp-json\/wp\/v2\/pages\/9603\/revisions"}],"predecessor-version":[{"id":10031,"href":"https:\/\/cavinenterprise.com\/tr\/wp-json\/wp\/v2\/pages\/9603\/revisions\/10031"}],"wp:attachment":[{"href":"https:\/\/cavinenterprise.com\/tr\/wp-json\/wp\/v2\/media?parent=9603"}],"curies":[{"name":"wp","href":"https:\/\/api.w.org\/{rel}","templated":true}]}}